{"id":1345,"date":"2023-09-23T14:18:40","date_gmt":"2023-09-23T12:18:40","guid":{"rendered":"http:\/\/attersee-boot.at\/?page_id=1345"},"modified":"2024-05-06T11:57:40","modified_gmt":"2024-05-06T09:57:40","slug":"nutzungsbedingungen","status":"publish","type":"page","link":"https:\/\/attersee-boot.at\/en\/nutzungsbedingungen\/","title":{"rendered":"Terms of use"},"content":{"rendered":"<div data-elementor-type=\"wp-page\" data-elementor-id=\"1345\" class=\"elementor elementor-1345\">\n\t\t\t\t<div class=\"elementor-element elementor-element-479ddab e-flex e-con-boxed e-con e-parent\" data-id=\"479ddab\" data-element_type=\"container\" data-e-type=\"container\">\n\t\t\t\t\t<div class=\"e-con-inner\">\n\t\t\t\t<div class=\"elementor-element elementor-element-070e752 elementor-widget elementor-widget-text-editor\" data-id=\"070e752\" data-element_type=\"widget\" data-e-type=\"widget\" data-widget_type=\"text-editor.default\">\n\t\t\t\t<div class=\"elementor-widget-container\">\n\t\t\t\t\t\t\t\t\t<h2><b>Terms of use<\/b><\/h2>\n<p>Hier nochmal die wichtigsten Bedingungen f\u00fcr die Benutzung des Segelbootes<\/p>\n<p><br><\/p>\n<p><\/p>\n<p><b>Check-In ab 08:00 Uhr<\/b><\/p>\n<p>Der fr\u00fcheste Mietbeginn des Segelbootes ist ab 8 Uhr morgens.<\/p>\n<p><br><\/p>\n<p><\/p>\n<p><b>Check-Out bis 20:00 Uhr<\/b><\/p>\n<p>Das Segelboot darf bis 20 Uhr genutzt werden.<\/p>\n<p><br><\/p>\n<p><\/p>\n<p><b>Self Check-In\/-Out<\/b><\/p>\n<p>Der Check-In und der Check-Out erfolgt eigenst\u00e4ngig \u00fcber ein Zahlenschloss und mit Hilfe unserer Erkl\u00e4rvideos.<\/p>\n<p><br><\/p>\n<p><\/p>\n<p><b>Keine Partys<\/b><\/p>\n<p>Es sind w\u00e4hrend der gesamten Nutzung des Bootes keine Partys und st\u00f6rende Musik erlaubt.<\/p>\n<p><br><\/p>\n<p><\/p>\n<p><b>Kein Feuer<\/b><\/p>\n<p>Es ist untersagt Feuer zu machen beziehungsweise zu grillen.<\/p>\n<p><br><\/p>\n<p><\/p>\n<p><b>Sauberes Boot<\/b><\/p>\n<p>Das Boot bitte sauber hinterlassen. Bitte entsorgt jede Art von M\u00fcll im M\u00fclleimer an Land. Ansonsten wird eine Reinigungspauschale von \u20ac80 in Rechnung gestellt.<\/p>\n<p><b style=\"font-style: inherit; text-align: var(--text-align); background-color: var(--ast-global-color-5); color: var(--ast-global-color-3);\"><br><\/b><\/p>\n<p><b style=\"font-style: inherit; text-align: var(--text-align); background-color: var(--ast-global-color-5); color: var(--ast-global-color-3);\">Ist eine Toilette verf\u00fcgbar?<\/b><\/p>\n<p>Es gibt keine Toilette am Boot. Die n\u00e4chste \u00f6ffentliche Toilette ist 150m entfernt.<\/p>\n<p>Bei wochenweiser Miete wird eine Campingtoilette bereitgestellt.<\/p>\n<p><br><\/p>\n<p><\/p>\n<p><b>Recht auf Stornierung<\/b><\/p>\n<p>Wie in den AGB beschrieben, kann es in den ersten 12 Stunden nach der Buchung vorkommen, dass die Buchung aufgrund von Belegungs\u00fcberschneidungen storniert wird.<\/p>\t\t\t\t\t\t\t\t<\/div>\n\t\t\t\t<\/div>\n\t\t\t\t\t<\/div>\n\t\t\t\t<\/div>\n\t\t\t\t<\/div>","protected":false},"excerpt":{"rendered":"<p>Nutzungsbedingungen Hier nochmal die wichtigsten Bedingungen f\u00fcr die Benutzung des Segelbootes Check-In ab 08:00 Uhr Der fr\u00fcheste Mietbeginn des Segelbootes ist ab 8 Uhr morgens. Check-Out bis 20:00 Uhr Das Segelboot darf bis 20 Uhr genutzt werden. Self Check-In\/-Out Der Check-In und der Check-Out erfolgt eigenst\u00e4ngig \u00fcber ein Zahlenschloss und mit Hilfe unserer Erkl\u00e4rvideos. Keine [&hellip;]<\/p>\n","protected":false},"author":1,"featured_media":0,"parent":0,"menu_order":0,"comment_status":"closed","ping_status":"closed","template":"","meta":{"site-sidebar-layout":"no-sidebar","site-content-layout":"page-builder","ast-site-content-layout":"full-width-container","site-content-style":"default","site-sidebar-style":"default","ast-global-header-display":"","ast-banner-title-visibility":"","ast-main-header-display":"","ast-hfb-above-header-display":"","ast-hfb-below-header-display":"","ast-hfb-mobile-header-display":"","site-post-title":"disabled","ast-breadcrumbs-content":"","ast-featured-img":"disabled","footer-sml-layout":"","ast-disable-related-posts":"","theme-transparent-header-meta":"","adv-header-id-meta":"","stick-header-meta":"","header-above-stick-meta":"","header-main-stick-meta":"","header-below-stick-meta":"","astra-migrate-meta-layouts":"default","ast-page-background-enabled":"default","ast-page-background-meta":{"desktop":{"background-color":"var(--ast-global-color-4)","background-image":"","background-repeat":"repeat","background-position":"center center","background-size":"auto","background-attachment":"scroll","background-type":"","background-media":"","overlay-type":"","overlay-color":"","overlay-opacity":"","overlay-gradient":""},"tablet":{"background-color":"","background-image":"","background-repeat":"repeat","background-position":"center center","background-size":"auto","background-attachment":"scroll","background-type":"","background-media":"","overlay-type":"","overlay-color":"","overlay-opacity":"","overlay-gradient":""},"mobile":{"background-color":"","background-image":"","background-repeat":"repeat","background-position":"center center","background-size":"auto","background-attachment":"scroll","background-type":"","background-media":"","overlay-type":"","overlay-color":"","overlay-opacity":"","overlay-gradient":""}},"ast-content-background-meta":{"desktop":{"background-color":"var(--ast-global-color-5)","background-image":"","background-repeat":"repeat","background-position":"center center","background-size":"auto","background-attachment":"scroll","background-type":"","background-media":"","overlay-type":"","overlay-color":"","overlay-opacity":"","overlay-gradient":""},"tablet":{"background-color":"var(--ast-global-color-5)","background-image":"","background-repeat":"repeat","background-position":"center center","background-size":"auto","background-attachment":"scroll","background-type":"","background-media":"","overlay-type":"","overlay-color":"","overlay-opacity":"","overlay-gradient":""},"mobile":{"background-color":"var(--ast-global-color-5)","background-image":"","background-repeat":"repeat","background-position":"center center","background-size":"auto","background-attachment":"scroll","background-type":"","background-media":"","overlay-type":"","overlay-color":"","overlay-opacity":"","overlay-gradient":""}},"footnotes":""},"class_list":["post-1345","page","type-page","status-publish","hentry"],"_links":{"self":[{"href":"https:\/\/attersee-boot.at\/en\/wp-json\/wp\/v2\/pages\/1345","targetHints":{"allow":["GET"]}}],"collection":[{"href":"https:\/\/attersee-boot.at\/en\/wp-json\/wp\/v2\/pages"}],"about":[{"href":"https:\/\/attersee-boot.at\/en\/wp-json\/wp\/v2\/types\/page"}],"author":[{"embeddable":true,"href":"https:\/\/attersee-boot.at\/en\/wp-json\/wp\/v2\/users\/1"}],"replies":[{"embeddable":true,"href":"https:\/\/attersee-boot.at\/en\/wp-json\/wp\/v2\/comments?post=1345"}],"version-history":[{"count":10,"href":"https:\/\/attersee-boot.at\/en\/wp-json\/wp\/v2\/pages\/1345\/revisions"}],"predecessor-version":[{"id":1861,"href":"https:\/\/attersee-boot.at\/en\/wp-json\/wp\/v2\/pages\/1345\/revisions\/1861"}],"wp:attachment":[{"href":"https:\/\/attersee-boot.at\/en\/wp-json\/wp\/v2\/media?parent=1345"}],"curies":[{"name":"wp","href":"https:\/\/api.w.org\/{rel}","templated":true}]}}