{"id":1344,"date":"2023-09-23T14:18:40","date_gmt":"2023-09-23T12:18:40","guid":{"rendered":"http:\/\/attersee-boot.at\/?page_id=1344"},"modified":"2023-09-23T15:18:59","modified_gmt":"2023-09-23T13:18:59","slug":"agb","status":"publish","type":"page","link":"https:\/\/attersee-boot.at\/en\/agb\/","title":{"rendered":"Terms and Conditions"},"content":{"rendered":"<div data-elementor-type=\"wp-page\" data-elementor-id=\"1344\" class=\"elementor elementor-1344\">\n\t\t\t\t<div class=\"elementor-element elementor-element-b332afd e-flex e-con-boxed e-con e-parent\" data-id=\"b332afd\" data-element_type=\"container\" data-e-type=\"container\">\n\t\t\t\t\t<div class=\"e-con-inner\">\n\t\t\t\t<div class=\"elementor-element elementor-element-e643fa3 elementor-widget elementor-widget-text-editor\" data-id=\"e643fa3\" data-element_type=\"widget\" data-e-type=\"widget\" data-widget_type=\"text-editor.default\">\n\t\t\t\t<div class=\"elementor-widget-container\">\n\t\t\t\t\t\t\t\t\t<h2>Allgemeine Gesch\u00e4ftsbedingungen<\/h2>\n<p><\/p>\n<h2>1.1 Begriffsbestimmung<\/h2>\n<p>Mieter: Nat\u00fcrliche oder juristische Person, die mit dem Vermieter einen Mietvertrag f\u00fcr das Seegrundst\u00fcck abschlie\u00dft.<\/p>\n<p>Vermieter: Julian Frauscher<\/p>\n<p>Vertrag: Beschreibt den Mietvertrag zwischen dem Vermieter und dem Mieter.<\/p>\n<p>Mietbedingungen: Beziehen sich auf die Bedingungen, die vom Vermieter angewendet werden, um den Mietprozess zu regeln.<\/p>\n<h2>1.2 Geltungsbereich<\/h2>\n<p>Die nachfolgend aufgef\u00fchrten Vertragsbedingungen (nachfolgend \u201eAGB\u201c) sind ausschlie\u00dflich f\u00fcr alle Vertr\u00e4ge g\u00fcltig, die \u00fcber die Online-Plattform attersee-boot.at (nachfolgend &#8222;Plattform&#8220;) abgeschlossen werden. Diese Bedingungen gelten nur zum Zeitpunkt der Buchung und sind bindend f\u00fcr alle Beteiligten, einschlie\u00dflich des Vermieters und des Kunden. Abweichende oder entgegenstehende Bedingungen werden nicht akzeptiert, es sei denn, es wurde ihnen schriftlich zugestimmt. Attersee-boot.at ist eine Plattform, wo Mieter (nachfolgend \u201eMieter\u201c) ein Segelboot mieten k\u00f6nnen. Mieter k\u00f6nnen sowohl nat\u00fcrliche als auch juristische Personen sein und k\u00f6nnen sowohl Verbraucher und Unternehmer sein.<\/p>\n<p><br><\/p>\n<h2>2. Vertragsgegenstand, Vertragspartner<\/h2>\n<p>Der Mieter kann das Segelboot tageweise und wochenweise direkt bei attersee-boot.at mieten. Die Rolle von attersee-boot.at ist die Bereitstellung der Plattform zur Nutzung der Website und die weitere Kommunikation nach der Buchung mit dem Mieter.<\/p>\n<p><br><\/p>\n<h2>3. Vertragsabschluss<\/h2>\n<p>Der Mieter kann auf der Plattform einen gew\u00fcnschten Tag aussuchen und diesen dann tageweise buchen bei Verf\u00fcgbarkeit. Der Buchungsablauf besteht aus folgenden Schritten:<\/p>\n<p>Der Mieter<\/p>\n<p>meldet sich auf der Plattform an falls der Mieter bereits auf der Plattform registriert ist<\/p>\n<p>registriert sich auf der Plattform, falls der Mieter noch keinen Account auf der Plattform hat<\/p>\n<p>Der Mieter sucht sich einen gew\u00fcnschten und noch verf\u00fcgbaren Tag auf der Plattform aus.<\/p>\n<p>Dem Mieter werden Preise, Datum und Uhrzeit angezeigt.<\/p>\n<p>Klicken auf den Button \u201cBuchen und jetzt zahlen!\u201c<\/p>\n<p>Durch das Klicken auf den Button \u201cBuchen und jetzt zahlen!&#8220; gibt der Mieter ein verbindliches Angebot ab und nimmt folgendes zur Kenntnis:<\/p>\n<p>die AGB von attersee-boot.at<\/p>\n<p>die Datenschutzbestimmungen von attersee-boot.at<\/p>\n<p>die Stornierungsbedingungen von attersee-boot.at<\/p>\n<p>die Nutzungsbedingungen von attersee-boot.at<\/p>\n<p>Der Mieter muss den Gesamtbetrag der Buchung unverz\u00fcglich an den Vermieter zahlen, nachdem er das verbindliche Angebot abgegeben hat.<\/p>\n<p>Der Vermieter sendet dem Mieter eine Best\u00e4tigung \u00fcber den Eingang der Buchungsanfrage zu. Diese Best\u00e4tigung stellt noch keine Annahme des Angebots dar, sondern dient lediglich zur Information, dass die Buchung erfolgreich eingegangen ist.<\/p>\n<p>Die Annahme der Buchung erfolgt durch die Versendung einer Buchungsbest\u00e4tigung per E-Mail, nachdem der Vermieter die Verf\u00fcgbarkeit \u00fcberpr\u00fcft hat.<\/p>\n<p><br><\/p>\n<h2>4. Verzug der Zahlung<\/h2>\n<p>Ein Zahlungsverzug wird von Seiten des Mieters verschuldet, sofern dieser den Gesamtbetrag der Buchung nicht unmittelbar nach Abgabe des verbindlichen Angebots an den Vermieter begleicht.<\/p>\n<p>F\u00fcr den Fall, dass der Mieter in Zahlungsverzug ger\u00e4t, beh\u00e4lt sich der Vermieter das Recht vor, an der Erf\u00fcllung der Zahlungspflicht durch den Mieter festzuhalten. Dar\u00fcber hinaus kann er diesen durch eine Mahnung zur Begleichung der Schulden auffordern oder unter Setzung einer angemessenen Nachfrist von zwei Tagen vom Vertrag zur\u00fcckzutreten.<\/p>\n<p><br><\/p>\n<h2>5. Pflichten des Mieters<\/h2>\n<p>Der Mieter nimmt zur Kenntnis, dass mehrere Mieter sowie die im Mietvertrag angegebenen Fahrzeuglenker dem Vermieter f\u00fcr die Einhaltung des Mietvertrages solidarisch haften. Der\/die Mieter sind verpflichtet, einen im Mietvertrag genannten Lenker die Allgemeinen Gesch\u00e4ftsbedingungen zu \u00fcberbinden; sie haben den Vermieter f\u00fcr den Fall der Nicht\u00fcberbindung der Allgemeinen Gesch\u00e4ftsbedingungen f\u00fcr alle Nachteile die daraus resultieren schad- und klaglos zu halten. Der\/die Mieter tragen auch die Verantwortung daf\u00fcr, dass das Fahrzeug nur Lenkern \u00fcbergeben wird, die im Mietvertrag genannt und im Besitz einer g\u00fcltigen Lizenz (Segelschein BFA-Binnen) sind und \u00fcber das K\u00f6nnen und die Erfahrung verf\u00fcgt, ein Boot zu f\u00fchren. Durch den Vertragsabschluss gibt der Mieter zur Kenntnis, dass er die AGB gelesen und auch verstanden hat.<\/p>\n<p>Der Mieter tr\u00e4gt die volle Verantwortung f\u00fcr jegliche Handlungen oder Unterlassungen, die von ihm oder von Personen, denen er Zutritt auf das Boot gew\u00e4hrt hat, ausgef\u00fchrt werden.<\/p>\n<p>Der Mieter hat sicherzustellen, dass das Boot sowie damit verbundenes Eigentum und Zusatzangebote in dem Zustand hinterlassen werden, in dem sie vorgefunden wurden. Jegliche Schadensersatzforderungen, die durch schuldhaft verursachte Sch\u00e4den von ihm, seinen G\u00e4sten oder Tieren entstanden sind, m\u00fcssen von ihm beglichen werden.<\/p>\n<p>Der Mieter ist au\u00dferdem verpflichtet, alle geltenden Gesetze einzuhalten. Es herrscht striktes Verbot f\u00fcr jegliche Veranstaltungen auf dem Segelboot.<\/p>\n<p>Der Mieter ben\u00f6tigt am Tag des gebuchten Datums Zugang zu Emails die der Vermieter an den Mieter sendet.<\/p>\n<p><br><\/p>\n<h2>6. Weitere Bedingungen<\/h2>\n<p>Zahlungsbedingungen:<\/p>\n<p>Alle Zahlungen an den Vermieter k\u00f6nnen per Kreditkarte erfolgen.<\/p>\n<p>Stornierung und R\u00fcckerstattung:<\/p>\n<p>Der Mieter kann jederzeit stornieren. Die Stornierungsbedingungen sind wie folgt:<\/p>\n<p>100% R\u00fcckerstattung: bis zu 4 Tage (96 Stunden) vor dem gebuchten Tag<\/p>\n<p>0% R\u00fcckerstattung: weniger als 4 Tage (96 Stunden) vor dem gebuchten Tag<\/p>\n<p>Es besteht kein Anspruch auf anteilige oder vollst\u00e4ndige R\u00fcckerstattung bei Stornierungen aufgrund von Umst\u00e4nden, auf die der Mieter keinen Einfluss hat. Die Stornierungsbedingungen sind auf der Website unter&nbsp;<a href=\"https:\/\/attersee-boot.at\/en\/stornierungsbedingungen\/\" target=\"_blank\">https:\/\/attersee-boot.at\/stornierungsbedingungen<\/a>&nbsp;zu finden. Der Vermieter darf bis zu zwei Tage (48 Stunden) vor dem gebuchten Tag die Buchung ohne der Angabe von Gr\u00fcnden stornieren.<\/p>\n<p>Buchungs\u00e4nderungen:<\/p>\n<p>Mieter sind f\u00fcr alle Buchungs\u00e4nderungen verantwortlich und verpflichten sich, alle dadurch entstandenen Kosten zu tragen.<\/p>\n<p>Gew\u00e4hrleistung:<\/p>\n<p>Die Gew\u00e4hrleistung richtet sich nach den gesetzlichen Bestimmungen.<\/p>\n<p>Haftung:<\/p>\n<p>Der Vermieter haftet nicht f\u00fcr Sch\u00e4den oder Anspr\u00fcche aus dem Vertragsverh\u00e4ltnis zwischen Vermieter und Mieter.<\/p>\n<p>Der Vermieter haftet im Rahmen des Vertragsverh\u00e4ltnisses mit dem Mieter nach den gesetzlichen Bestimmungen bei Vorsatz und grober Fahrl\u00e4ssigkeit, \u00dcbernahme von Garantien, verschuldensunabh\u00e4ngiger Haftung oder schuldhafter Verletzung von Leben, K\u00f6rper oder Gesundheit.<\/p>\n<p>Bei leicht fahrl\u00e4ssiger Verletzung wesentlicher Vertragspflichten haftet der Vermieter lediglich f\u00fcr den typischerweise vorhersehbaren Schaden. Wesentliche Vertragspflichten sind diejenigen, auf deren Erf\u00fcllung der Mieter zur ordnungsgem\u00e4\u00dfen Durchf\u00fchrung des Vertrages vertrauen darf.<\/p>\n<p>Jegliche weitere Haftung vom Vermieter ist ausgeschlossen.<\/p>\n<p><br><\/p>\n<h2>7. Datenschutz<\/h2>\n<p>Im Sinne des Datenschutzgesetzes werden personenbezogene Daten des Betreibers, seiner Kunden und Mitarbeiter (wie z.B. Telefonnummern, Adressen, E-Mail-Adressen, Inhaltsdaten usw.) gem\u00e4\u00df der Datenschutzerkl\u00e4rung auf der Website attersee-boot.at verarbeitet. Der Betreiber sichert zu, dass alle vom Nutzer im Rahmen der Buchung (verpflichtend) bereitgestellten Daten notwendig sind und die Menge der minimal erforderlichen Daten f\u00fcr die Buchung nicht \u00fcberschreiten.<\/p>\n<p>attersee-boot.at ist verpflichtet, s\u00e4mtliche Bestimmungen des Datenschutzgesetzes (DSG), der Datenschutz-Grundverordnung (DSGVO) sowie etwaige weitere gesetzliche Geheimhaltungsverpflichtungen einzuhalten und zu erf\u00fcllen.<\/p>\n<p><br><\/p>\n<h2>8. Vertragssprache, Rechtswahl, Gerichtsstand<\/h2>\n<p>Die Vertragssprache ist deutsch.<\/p>\n<p>Ausschlie\u00dflicher Gerichtsstand ist das sachlich zust\u00e4ndige Gericht des Bezirks V\u00f6cklabruck. F\u00fcr Klagen gegen Verbraucher gilt die jeweils g\u00fcltige gesetzliche Regelung.<\/p>\n<p>Auf diesen Vertrag ist materielles \u00f6sterreichisches Recht unter Ausschluss der Verweisungsnormen des internationalen Privatrechts und des UN-Kaufrechtes anwendbar. Gegen\u00fcber einem Verbraucher gilt diese Rechtswahl nur insoweit, als dadurch keine zwingenden gesetzlichen Bestimmungen des Staates, in dem er seinen Wohnsitz oder gew\u00f6hnlichen Aufenthalt hat, eingeschr\u00e4nkt werden.<\/p>\n<p><br><\/p>\n<h2>9. Schlussbestimmungen<\/h2>\n<p>Falls eine Bestimmung dieses Vertrages rechtsunwirksam, ung\u00fcltig oder nichtig ist oder w\u00e4hrend der Laufzeit des Vertrages wird, hat dies keine Auswirkungen auf die Rechtswirksamkeit und G\u00fcltigkeit der \u00fcbrigen Bestimmungen. In einem solchen Fall verpflichten sich die Vertragsparteien, die rechtsunwirksame, ung\u00fcltige oder nichtige Bestimmung durch eine solche zu ersetzen, die rechtswirksam und g\u00fcltig ist und in ihrer wirtschaftlichen Auswirkung der urspr\u00fcnglichen Bestimmung soweit wie m\u00f6glich und rechtlich zul\u00e4ssig entspricht.<\/p>\n<p>Der Vermieter beh\u00e4lt sich das Recht vor, den Dienst jederzeit und ohne Angabe von Gr\u00fcnden einzustellen. Durch eine solche Einstellung des Dienstes entstehen keinerlei Ersatzanspr\u00fcche f\u00fcr die Nutzer.<\/p>\n<p>Der Vertragstext wird nicht gespeichert. Der Vermieter empfiehlt dem Kunden, die Anfrage- und Buchungsbest\u00e4tigung sowie diese AGB zu archivieren.<\/p>\n<p><\/p>\t\t\t\t\t\t\t\t<\/div>\n\t\t\t\t<\/div>\n\t\t\t\t\t<\/div>\n\t\t\t\t<\/div>\n\t\t\t\t<\/div>","protected":false},"excerpt":{"rendered":"<p>Allgemeine Gesch\u00e4ftsbedingungen 1.1 Begriffsbestimmung Mieter: Nat\u00fcrliche oder juristische Person, die mit dem Vermieter einen Mietvertrag f\u00fcr das Seegrundst\u00fcck abschlie\u00dft. Vermieter: Julian Frauscher Vertrag: Beschreibt den Mietvertrag zwischen dem Vermieter und dem Mieter. Mietbedingungen: Beziehen sich auf die Bedingungen, die vom Vermieter angewendet werden, um den Mietprozess zu regeln. 1.2 Geltungsbereich Die nachfolgend aufgef\u00fchrten Vertragsbedingungen (nachfolgend [&hellip;]<\/p>\n","protected":false},"author":1,"featured_media":0,"parent":0,"menu_order":0,"comment_status":"closed","ping_status":"closed","template":"","meta":{"site-sidebar-layout":"no-sidebar","site-content-layout":"page-builder","ast-site-content-layout":"full-width-container","site-content-style":"default","site-sidebar-style":"default","ast-global-header-display":"","ast-banner-title-visibility":"","ast-main-header-display":"","ast-hfb-above-header-display":"","ast-hfb-below-header-display":"","ast-hfb-mobile-header-display":"","site-post-title":"disabled","ast-breadcrumbs-content":"","ast-featured-img":"disabled","footer-sml-layout":"","ast-disable-related-posts":"","theme-transparent-header-meta":"","adv-header-id-meta":"","stick-header-meta":"","header-above-stick-meta":"","header-main-stick-meta":"","header-below-stick-meta":"","astra-migrate-meta-layouts":"default","ast-page-background-enabled":"default","ast-page-background-meta":{"desktop":{"background-color":"var(--ast-global-color-4)","background-image":"","background-repeat":"repeat","background-position":"center center","background-size":"auto","background-attachment":"scroll","background-type":"","background-media":"","overlay-type":"","overlay-color":"","overlay-opacity":"","overlay-gradient":""},"tablet":{"background-color":"","background-image":"","background-repeat":"repeat","background-position":"center center","background-size":"auto","background-attachment":"scroll","background-type":"","background-media":"","overlay-type":"","overlay-color":"","overlay-opacity":"","overlay-gradient":""},"mobile":{"background-color":"","background-image":"","background-repeat":"repeat","background-position":"center center","background-size":"auto","background-attachment":"scroll","background-type":"","background-media":"","overlay-type":"","overlay-color":"","overlay-opacity":"","overlay-gradient":""}},"ast-content-background-meta":{"desktop":{"background-color":"var(--ast-global-color-5)","background-image":"","background-repeat":"repeat","background-position":"center center","background-size":"auto","background-attachment":"scroll","background-type":"","background-media":"","overlay-type":"","overlay-color":"","overlay-opacity":"","overlay-gradient":""},"tablet":{"background-color":"var(--ast-global-color-5)","background-image":"","background-repeat":"repeat","background-position":"center center","background-size":"auto","background-attachment":"scroll","background-type":"","background-media":"","overlay-type":"","overlay-color":"","overlay-opacity":"","overlay-gradient":""},"mobile":{"background-color":"var(--ast-global-color-5)","background-image":"","background-repeat":"repeat","background-position":"center center","background-size":"auto","background-attachment":"scroll","background-type":"","background-media":"","overlay-type":"","overlay-color":"","overlay-opacity":"","overlay-gradient":""}},"footnotes":""},"class_list":["post-1344","page","type-page","status-publish","hentry"],"_links":{"self":[{"href":"https:\/\/attersee-boot.at\/en\/wp-json\/wp\/v2\/pages\/1344","targetHints":{"allow":["GET"]}}],"collection":[{"href":"https:\/\/attersee-boot.at\/en\/wp-json\/wp\/v2\/pages"}],"about":[{"href":"https:\/\/attersee-boot.at\/en\/wp-json\/wp\/v2\/types\/page"}],"author":[{"embeddable":true,"href":"https:\/\/attersee-boot.at\/en\/wp-json\/wp\/v2\/users\/1"}],"replies":[{"embeddable":true,"href":"https:\/\/attersee-boot.at\/en\/wp-json\/wp\/v2\/comments?post=1344"}],"version-history":[{"count":0,"href":"https:\/\/attersee-boot.at\/en\/wp-json\/wp\/v2\/pages\/1344\/revisions"}],"wp:attachment":[{"href":"https:\/\/attersee-boot.at\/en\/wp-json\/wp\/v2\/media?parent=1344"}],"curies":[{"name":"wp","href":"https:\/\/api.w.org\/{rel}","templated":true}]}}