{"id":1343,"date":"2023-09-23T14:18:40","date_gmt":"2023-09-23T12:18:40","guid":{"rendered":"http:\/\/attersee-boot.at\/?page_id=1343"},"modified":"2023-10-22T12:58:52","modified_gmt":"2023-10-22T10:58:52","slug":"datenschutz","status":"publish","type":"page","link":"https:\/\/attersee-boot.at\/en\/datenschutz\/","title":{"rendered":"Privacy Policy"},"content":{"rendered":"\t\t<div data-elementor-type=\"wp-page\" data-elementor-id=\"1343\" class=\"elementor elementor-1343\">\n\t\t\t\t<div class=\"elementor-element elementor-element-863d81b e-flex e-con-boxed e-con e-parent\" data-id=\"863d81b\" data-element_type=\"container\" data-e-type=\"container\">\n\t\t\t\t\t<div class=\"e-con-inner\">\n\t\t\t\t<div class=\"elementor-element elementor-element-850306c elementor-widget elementor-widget-text-editor\" data-id=\"850306c\" data-element_type=\"widget\" data-e-type=\"widget\" data-widget_type=\"text-editor.default\">\n\t\t\t\t<div class=\"elementor-widget-container\">\n\t\t\t\t\t\t\t\t\t<h2>Allgemeines<\/h2>\n<p>Der Schutz Ihrer pers\u00f6nlichen Daten ist uns ein besonderes Anliegen. Wir verarbeiten Ihre Daten daher ausschlie\u00dflich auf Grundlage der gesetzlichen Bestimmungen. In diesen Datenschutzinformationen informieren wir Sie \u00fcber die wichtigsten Aspekte der Datenverarbeitung im Rahmen unserer Website.<\/p>\n<p>Wenn Sie per Formular auf der Website oder per E-Mail Kontakt mit uns aufnehmen, werden Ihre angegebenen Daten zwecks Bearbeitung der Anfrage und f\u00fcr den Fall von Anschlussfragen bei uns gespeichert. Diese Daten geben wir nicht ohne Ihre Einwilligung weiter.<\/p>\n<p>Der Server, von dem diese Webseite bereitgestellt wird, speichert Informationen die von Ihrem Browser automatisch an uns \u00fcbermittelt werden, in sogenannten Log-Files. Dies sind:<br>&#8211; Uhrzeit der Anfrage<br>&#8211; Die besuchte Seite<br>&#8211; Die IP Adresse des zugreifenden Computers in anonymisierter Form<br>&#8211; Browsertyp und Browserversion<br>&#8211; Verwendetes Betriebssystem<br>&#8211; Referrer URL (also die Seite, von der Sie zu uns gekommen sind)<\/p>\n<p>Diese Daten dienen ausschlie\u00dflich der technischen \u00dcberwachung des Webservers (Auslastung, Fehlererkennung, Optimierung, Sicherheit) und sind dazu unbedingt notwendig. Sie werden nicht mit anderen Datenquellen verbunden, so dass sie sich nicht einzelnen Personen zuordnen lassen. Sie werden nach drei Monaten gel\u00f6scht.<\/p>\n<p>Wir unterhalten Onlinepr\u00e4senzen innerhalb verschiedener sozialer Plattformen, um mit den dort aktiven Kunden, Interessenten und Nutzern zu kommunizieren und \u00fcber unsere Leistungen zu informieren. Beim Aufruf der jeweiligen Netzwerke und Plattformen gelten die Datenverarbeitungsrichtlinien und Gesch\u00e4ftsbedingungen des jeweiligen Betreibers.<\/p>\n<h1 style=\"margin-top: 20px; margin-bottom: 10px; font-family: var(--thim-font-title-font-family); font-weight: var(--thim-font-title-variant); line-height: var(--thim-font-h2-line-height); font-size: var(--thim-font-h2-font-size); font-style: normal;\"><strong>SSL- bzw. TLS-Verschl\u00fcsselung<\/strong><\/h1>\n<p style=\"margin-bottom: 20px; color: #606060; font-family: Roboto; font-size: 15px; font-style: normal; font-weight: 400;\">Diese Seite nutzt aus Sicherheitsgr\u00fcnden und zum Schutz der \u00dcbertragung vertraulicher Inhalte, wie zum Beispiel Bestellungen oder Anfragen, die Sie an uns als Seitenbetreiber senden, eine SSL-bzw. TLS-Verschl\u00fcsselung. Eine verschl\u00fcsselte Verbindung erkennen Sie daran, dass die Adresszeile des Browsers von \u201ehttp:\/\/\u201c auf \u201ehttps:\/\/\u201c wechselt und an dem Schloss-Symbol in Ihrer Browserzeile.<\/p>\n<p style=\"margin-bottom: 20px; color: #606060; font-family: Roboto; font-size: 15px; font-style: normal; font-weight: 400;\">Wenn die SSL- bzw. TLS-Verschl\u00fcsselung aktiviert ist, k\u00f6nnen die Daten, die Sie an uns \u00fcbermitteln, nicht von Dritten mitgelesen werden.<\/p>\n<h2>Verschl\u00fcsselter Zahlungsverkehr auf dieser Website<\/h2>\n<p>Besteht nach dem Abschluss eines kostenpflichtigen Vertrags eine Verpflichtung, uns Ihre Zahlungsdaten (z. B. Kontonummer bei Einzugserm\u00e4chtigung) zu \u00fcbermitteln, werden diese Daten zur Zahlungsabwicklung ben\u00f6tigt.<\/p>\n<p>Der Zahlungsverkehr \u00fcber die g\u00e4ngigen Zahlungsmittel (Visa\/MasterCard, Lastschriftverfahren) erfolgt ausschlie\u00dflich \u00fcber eine verschl\u00fcsselte SSL- bzw. TLS-Verbindung. Eine verschl\u00fcsselte Verbindung erkennen Sie daran, dass die Adresszeile des Browsers von \u201ehttp:\/\/\u201c auf \u201ehttps:\/\/\u201c wechselt und an dem Schloss-Symbol in Ihrer Browserzeile.<\/p>\n<p>Bei verschl\u00fcsselter Kommunikation k\u00f6nnen Ihre Zahlungsdaten, die Sie an uns \u00fcbermitteln, nicht von Dritten mitgelesen werden.<\/p><p><br><\/p>\n<p><\/p>\n<h2>Vertragsabwicklung<\/h2>\n<p>Es werden zum Zweck der Vertragsabwicklung folgende Daten bei uns gespeichert:<br>Name, Anschrift, E-Mail-Adresse, Bestelldatum.<br>Die von Ihnen bereit gestellten Daten sind zur Vertragserf\u00fcllung bzw. zur Durchf\u00fchrung vorvertraglicher Ma\u00dfnahmen erforderlich. Ohne diese Daten k\u00f6nnen wir den Vertrag mit Ihnen nicht abschlie\u00dfen.&nbsp;Eine Daten\u00fcbermittlung an Dritte erfolgt nicht.<\/p>\n<p>Im Falle eines Vertragsabschlusses werden s\u00e4mtliche Daten aus dem Vertragsverh\u00e4ltnis bis zum Ablauf der steuerrechtlichen Aufbewahrungsfrist (7 Jahre) gespeichert.<\/p>\n<p><br><\/p>\n<p><\/p>\n<h2>Betrieb der Website<\/h2>\n<p>Diese Website verwendet zur Messung der Effektivit\u00e4t sowie der wirtschaftlichen Rentabilit\u00e4t von Werbeanzeigen (\u201eOnlinemarketing\u201c) folgende Dienste:<\/p>\n<p>\u201eMeta Pixel\u201c des Anbieters Meta Plattforms Ireland Limited, 4 Grand Canal Square, Grand Canal Habour, Dublin 2, Irland. Datenschutzerkl\u00e4rung: https:\/\/www.facebook.com\/about\/privacy, Opt-Out: https:\/\/www.facebook.com\/adpreferences\/ad_settings<\/p>\n<p>\u201eGoogle Analytics\u201c des Anbieters Google Ireland Limited, Gordon House, Barrow Street, Dublin 4, Irland. Datenschutzerkl\u00e4rung: https:\/\/www.google.com\/policies\/privacy\/, Opt-Out: <a href=\"https:\/\/adssettings.google.com\/authenticated\" rel=\"nofollow noopener\" target=\"_blank\">https:\/\/adssettings.google.com\/authenticated<\/a><\/p>\n<p>\u201cGoogle AdWords\u201d. AdWords ist ein Online-Werbeprogramm der Google Ireland Limited (\u201eGoogle\u201c), Gordon House, Barrow Street, Dublin 4, Irland.<\/p>\n<p>Diese Website setzt Inhalts- und Service-Angebote Dritter ein, um z.B. Schriften oder Videos einzubinden. Dies setzt voraus, dass die Anbieter dieser Inhalte Ihre die IP-Adresse wahrnehmen, da sie ohne IP-Adresse keine Inhalte an Ihren Browser senden k\u00f6nnten. Die IP-Adresse ist damit zur Darstellung der Inhalte erforderlich. Die Anbieter k\u00f6nnen die pseudonymisierten Daten auch f\u00fcr statistische oder Marketingzwecke verwenden.<\/p>\n<p>Diese Seite verwendet Videos der Plattform \u201cYouTube\u201d des Anbieters Google Ireland Limited, Gordon House, Barrow Street, Dublin 4, Irland. Datenschutzerkl\u00e4rung: https:\/\/www.google.com\/policies\/privacy\/, Opt-Out: https:\/\/adssettings.google.com\/authenticated<\/p>\n<p>Wir nutzen die folgenden Social Media Plattformen zur Kommunikation und Unternehmensdarstellung:<br>\u201eFacebook&#8220; bzw. &#8222;Instagram\u201c des Anbieters Meta Platforms Ireland Limited, 4 Grand Canal Square, Grand Canal Harbour, Dublin 2, Ireland. Datenschutzerkl\u00e4rung: https:\/\/www.facebook.com\/about\/privacy\/, Opt-Out: https:\/\/www.facebook.com\/settings?tab=ads<\/p>\n<p>\u201eYoutube\u201c des Anbieters Google Ireland Limited, Gordon House, Barrow Street, Dublin 4, Ireland. Datenschutzerkl\u00e4rung: http:\/\/www.youtube.com\/t\/privacy\/<\/p>\n<p><\/p>\n<h2><br><\/h2>\n<h2>Eingebettete Inhalte von anderen Websites<\/h2>\n<p>Beitr\u00e4ge auf dieser Website k\u00f6nnen eingebettete Inhalte beinhalten (z. B. Videos, Bilder, Beitr\u00e4ge etc.). Eingebettete Inhalte von anderen Websites verhalten sich exakt so, als ob der Besucher die andere Website besucht h\u00e4tte.<\/p>\n<p>Diese Websites k\u00f6nnen Daten \u00fcber dich sammeln, Cookies benutzen, zus\u00e4tzliche Tracking-Dienste von Dritten einbetten und deine Interaktion mit diesem eingebetteten Inhalt aufzeichnen, inklusive deiner Interaktion mit dem eingebetteten Inhalt, falls du ein Konto hast und auf dieser Website angemeldet bist.<\/p>\n<p><br><\/p>\n<p><\/p>\n<h2>Cookies<\/h2>\n<p>Wir setzen auf unserer Seite Cookies ein. Hierbei handelt es sich um kleine Dateien, die Ihr Browser automatisch erstellt und die auf Ihrem Endger\u00e4t (Laptop, Tablet, Smartphone o.\u00e4.) gespeichert werden, wenn Sie unsere Webseite besuchen. Cookies richten auf Ihrem Endger\u00e4t keinen Schaden an, enthalten keine Viren, Trojaner oder sonstige Schadsoftware.<\/p>\n<p>In dem Cookie werden Informationen abgelegt, die sich jeweils im Zusammenhang mit dem spezifisch eingesetzten Endger\u00e4t ergeben. Dies bedeutet jedoch nicht, dass wir dadurch unmittelbar Kenntnis von Ihrer Identit\u00e4t erhalten.<\/p>\n<p>Der Einsatz von Cookies dient einerseits dazu, die Nutzung unseres Angebots f\u00fcr Sie angenehmer zu gestalten. So setzen wir sogenannte Session-Cookies ein, um zu erkennen, dass Sie einzelne Seiten unserer Website bereits besucht haben. Diese werden nach Verlassen unserer Seite automatisch gel\u00f6scht.<\/p>\n<p>Dar\u00fcber hinaus setzen wir ebenfalls zur Optimierung der Benutzerfreundlichkeit tempor\u00e4re Cookies ein, die f\u00fcr einen bestimmten festgelegten Zeitraum auf Ihrem Endger\u00e4t gespeichert werden. Besuchen Sie unsere Seite erneut, um unsere Leistungen in Anspruch zu nehmen, so wird automatisch erkannt, dass Sie bereits bei uns waren und welche Eingaben und Einstellungen sie get\u00e4tigt haben, um diese nicht noch einmal eingeben zu m\u00fcssen.<\/p>\n<p>Zum anderen setzten wir Cookies ein, um die Nutzung unserer Website statistisch zu erfassen und zum Zwecke der Optimierung unseres Angebotes f\u00fcr Sie auszuwerten. Diese Cookies erm\u00f6glichen es uns, bei einem erneuten Besuch unserer Seite automatisch zu erkennen, dass Sie bereits bei uns waren. Diese Cookies werden nach einer jeweils definierten Zeit automatisch gel\u00f6scht.<\/p>\n<p>Die durch Cookies verarbeiteten Daten sind f\u00fcr die genannten Zwecke zur Wahrung unserer berechtigten Interessen sowie der Dritter nach Art. 6 Abs. 1 S. 1 lit. f DSGVO erforderlich.<\/p>\n<p>Die meisten Browser akzeptieren Cookies automatisch. Sie k\u00f6nnen Ihren Browser jedoch so konfigurieren, dass keine Cookies auf Ihrem Computer gespeichert werden oder stets ein Hinweis erscheint, bevor ein neuer Cookie angelegt wird. Die vollst\u00e4ndige Deaktivierung von Cookies kann jedoch dazu f\u00fchren, dass Sie nicht alle Funktionen unserer Website nutzen k\u00f6nnen.<\/p>\n<p>N\u00e4here Informationen finden Sie unter <a href=\"https:\/\/attersee-boot.at\/cookie-richtlinie-eu\/\">Cookie-Richtlinien (EU)<\/a><\/p>\n<p><br><\/p>\n<p><\/p>\n<h2>Daten\u00fcbermittlung bei Vertragsschluss f\u00fcr Dienstleistungen und digitale Inhalte<\/h2>\n<p>Wir \u00fcbermitteln personenbezogene Daten an Dritte nur dann, wenn dies im Rahmen der Vertragsabwicklung notwendig ist, etwa an das mit der Zahlungsabwicklung beauftragte Kreditinstitut.<\/p>\n<p>Eine weitergehende \u00dcbermittlung der Daten erfolgt nicht bzw. nur dann, wenn Sie der \u00dcbermittlung ausdr\u00fccklich zugestimmt haben. Eine Weitergabe Ihrer Daten an Dritte ohne ausdr\u00fcckliche Einwilligung, etwa zu Zwecken der Werbung, erfolgt nicht.<\/p>\n<p>Grundlage f\u00fcr die Datenverarbeitung ist Art. 6 Abs. 1 lit. b DSGVO, der die Verarbeitung von Daten zur Erf\u00fcllung eines Vertrags oder vorvertraglicher Ma\u00dfnahmen gestattet.<\/p>\n<p><br><\/p>\n<p><\/p>\n<h2>Datenerfassung &#8211; Optionale Services<\/h2>\n<h3>Kontaktformular<\/h3>\n<p>Wenn Sie uns per Kontaktformular Anfragen zukommen lassen, werden Ihre Angaben aus dem Anfrageformular inklusive der von Ihnen dort angegebenen Kontaktdaten zwecks Bearbeitung der Anfrage und f\u00fcr den Fall von Anschlussfragen bei uns gespeichert. Diese Daten geben wir nicht ohne Ihre Einwilligung weiter.<\/p>\n<p>Die Verarbeitung der in das Kontaktformular eingegebenen Daten erfolgt somit ausschlie\u00dflich auf Grundlage Ihrer Einwilligung (Art. 6 Abs. 1 lit. a DSGVO). Sie k\u00f6nnen diese Einwilligung jederzeit widerrufen. Dazu reicht eine formlose Mitteilung per E-Mail an uns. Die Rechtm\u00e4\u00dfigkeit der bis zum Widerruf erfolgten Datenverarbeitungsvorg\u00e4nge bleibt vom Widerruf unber\u00fchrt.<\/p>\n<p>Die von Ihnen im Kontaktformular eingegebenen Daten verbleiben bei uns, bis Sie uns zur L\u00f6schung auffordern, Ihre Einwilligung zur Speicherung widerrufen oder der Zweck f\u00fcr die Datenspeicherung entf\u00e4llt (z. B. nach abgeschlossener Bearbeitung Ihrer Anfrage). Zwingende gesetzliche Bestimmungen \u2013 insbesondere Aufbewahrungsfristen \u2013 bleiben unber\u00fchrt.<\/p>\n<h3>Registrierung auf dieser Website<\/h3>\n<p>Sie k\u00f6nnen sich auf unserer Website registrieren, um zus\u00e4tzliche Funktionen auf der Seite zu nutzen. Die dazu eingegebenen Daten verwenden wir nur zum Zwecke der Nutzung des jeweiligen Angebotes oder Dienstes, f\u00fcr den Sie sich registriert haben. Die bei der Registrierung abgefragten Pflichtangaben m\u00fcssen vollst\u00e4ndig angegeben werden. Anderenfalls werden wir die Registrierung ablehnen.<\/p>\n<p>F\u00fcr wichtige \u00c4nderungen etwa beim Angebotsumfang oder bei technisch notwendigen \u00c4nderungen nutzen wir die bei der Registrierung angegebene E-Mail-Adresse, um Sie auf diesem Wege zu informieren.<\/p>\n<p>Die Verarbeitung der bei der Registrierung eingegebenen Daten erfolgt auf Grundlage Ihrer Einwilligung (Art. 6 Abs. 1 lit. a DSGVO). Sie k\u00f6nnen eine von Ihnen erteilte Einwilligung jederzeit widerrufen. Dazu reicht eine formlose Mitteilung per E-Mail an uns. Die Rechtm\u00e4\u00dfigkeit der bereits erfolgten Datenverarbeitung bleibt vom Widerruf unber\u00fchrt.<\/p>\n<p>Die bei der Registrierung erfassten Daten werden von uns gespeichert, solange Sie auf unserer Website registriert sind und werden anschlie\u00dfend gel\u00f6scht. Gesetzliche Aufbewahrungsfristen bleiben unber\u00fchrt.<\/p>\n<p><br><\/p>\n<p><\/p>\n<h2>Zahlungsanbieter<\/h2>\n<p>Beim Checkout k\u00f6nnen wir auch deine Rechnungsadresse und Telefonnummer erfassen. Diese Informationen werden verwendet, um Ihre Kreditkarte zu best\u00e4tigen. Die Rechnungsadresse und die Telefonnummer werden von unserer Website gespeichert, um das Bestellformular bei zuk\u00fcnftige Eink\u00e4ufen vorauszuf\u00fcllen und dich ggf. zu kontaktieren, um deine Bestellung zu kl\u00e4ren.<\/p>\n<p>An der Kasse k\u00f6nnen wir auch deine Kreditkartennummer, das Ablaufdatum und den Sicherheitscode erfassen. Diese Informationen werden an unseren Zahlungsportal weitergeleitet, um deinen Kauf zu verarbeiten. Die letzten 4 Ziffern deiner Kreditkartennummer und das Ablaufdatum werden von unserer Website gespeichert, um sie als Referenz zu verwenden und dir eine E-Mail zu senden, wenn deine Kreditkarte vor der n\u00e4chsten wiederkehrenden Zahlung abl\u00e4uft.<\/p>\n<p>Wenn Sie eingeloggt sind, verwenden wir Cookies, um einige Ihrer Aktivit\u00e4ten auf unserer Website zu protokollieren, einschlie\u00dflich Anmeldungen, Besuche und Seitenaufrufe.<\/p>\n<p><br><\/p>\n<p><\/p>\n<h3>PayPal<\/h3>\n<p>Auf unserer Website bieten wir u.a. die Bezahlung via PayPal an. Anbieter dieses Zahlungsdienstes ist die PayPal (Europe) S.\u00e0.r.l. et Cie, S.C.A., 22-24 Boulevard Royal, L-2449 Luxembourg (im Folgenden \u201ePayPal\u201c).<\/p>\n<p>Wenn Sie die Bezahlung via PayPal ausw\u00e4hlen, werden die von Ihnen eingegebenen Zahlungsdaten an PayPal \u00fcbermittelt.<\/p>\n<p>Die \u00dcbermittlung Ihrer Daten an PayPal erfolgt auf Grundlage von Art. 6 Abs. 1 lit. a DSGVO (Einwilligung) und Art. 6 Abs. 1 lit. b DSGVO (Verarbeitung zur Erf\u00fcllung eines Vertrags). Sie haben die M\u00f6glichkeit, Ihre Einwilligung zur Datenverarbeitung jederzeit zu widerrufen. Ein Widerruf wirkt sich auf die Wirksamkeit von in der Vergangenheit liegenden Datenverarbeitungsvorg\u00e4ngen nicht aus.<\/p>\n<p><br><\/p>\n<p><\/p>\n<h3>Klarna<\/h3>\n<p>Auf unserer Website bieten wir u.a. die Bezahlung mit den Diensten von Klarna an. Anbieter ist die Klarna AB, Sveav\u00e4gen 46, 111 34 Stockholm, Schweden (im Folgenden \u201eKlarna\u201c).<\/p>\n<p>Klarna bietet verschiedene Zahlungsoptionen an (z.&nbsp;B. Ratenkauf). Wenn Sie sich f\u00fcr die Bezahlung mit Klarna entscheiden (Klarna-Checkout-L\u00f6sung), wird Klarna verschiedene personenbezogene Daten von Ihnen erheben. Details hierzu k\u00f6nnen Sie in der Datenschutzerkl\u00e4rung von Klarna unter folgendem Link nachlesen:&nbsp;<a href=\"https:\/\/www.klarna.com\/de\/datenschutz\/\" rel=\"nofollow noopener\" target=\"_blank\">https:\/\/www.klarna.com\/de\/datenschutz\/<\/a>.<\/p>\n<p>Klarna nutzt Cookies, um die Verwendung der Klarna-Checkout-L\u00f6sung zu optimieren. Die Optimierung der Checkout-L\u00f6sung stellt ein berechtigtes Interesse im Sinne von Art. 6 Abs. 1 lit. f DSGVO dar. Cookies sind kleine Textdateien, die auf Ihrem Endger\u00e4t gespeichert werden und keinen Schaden anrichten. Sie verbleiben auf Ihrem Endger\u00e4t bis Sie sie l\u00f6schen. Details zum Einsatz von Klarna-Cookies entnehmen Sie folgendem Link:&nbsp;<a href=\"https:\/\/cdn.klarna.com\/1.0\/shared\/content\/policy\/cookie\/de_de\/checkout.pdf\" rel=\"nofollow noopener\" target=\"_blank\">https:\/\/cdn.klarna.com\/1.0\/shared\/content\/policy\/cookie\/de_de\/checkout.pdf<\/a>.<\/p>\n<p>Die \u00dcbermittlung Ihrer Daten an Klarna erfolgt auf Grundlage von Art. 6 Abs. 1 lit. a DSGVO (Einwilligung) und Art. 6 Abs. 1 lit. b DSGVO (Verarbeitung zur Erf\u00fcllung eines Vertrags). Sie haben die M\u00f6glichkeit, Ihre Einwilligung zur Datenverarbeitung jederzeit zu widerrufen. Ein Widerruf wirkt sich auf die Wirksamkeit von in der Vergangenheit liegenden Datenverarbeitungsvorg\u00e4ngen nicht aus.<\/p>\n<p><br><\/p>\n<p><\/p>\n<h3>Sofort\u00fcberweisung<\/h3>\n<p>Auf unserer Website bieten wir u.a. die Bezahlung mittels \u201eSofort\u00fcberweisung\u201c an. Anbieter dieses Zahlungsdienstes ist die Sofort GmbH, Theresienh\u00f6he 12, 80339 M\u00fcnchen (im Folgenden \u201eSofort GmbH\u201c).<\/p>\n<p>Mit Hilfe des Verfahrens \u201eSofort\u00fcberweisung\u201c erhalten wir in Echtzeit eine Zahlungsbest\u00e4tigung von der Sofort GmbH und k\u00f6nnen unverz\u00fcglich mit der Erf\u00fcllung unserer Verbindlichkeiten beginnen.<\/p>\n<p>Wenn Sie sich f\u00fcr die Zahlungsart \u201eSofort\u00fcberweisung\u201c entschieden haben, \u00fcbermitteln Sie die PIN und eine g\u00fcltige TAN an die Sofort GmbH, mit der diese sich in Ihr Online-Banking-Konto einloggen kann. Sofort GmbH \u00fcberpr\u00fcft nach dem Einloggen automatisch Ihren Kontostand und f\u00fchrt die \u00dcberweisung an uns mit Hilfe der von Ihnen \u00fcbermittelten TAN durch. Anschlie\u00dfend \u00fcbermittelt sie uns unverz\u00fcglich eine Transaktionsbest\u00e4tigung. Nach dem Einloggen werden au\u00dferdem Ihre Ums\u00e4tze, der Kreditrahmen des Dispokredits und das Vorhandensein anderer Konten sowie deren Best\u00e4nde automatisiert gepr\u00fcft.<\/p>\n<p>Neben der PIN und der TAN werden auch die von Ihnen eingegebenen Zahlungsdaten sowie Daten zu Ihrer Person an die Sofort GmbH \u00fcbermittelt. Bei den Daten zu Ihrer Person handelt es sich um Vor- und Nachname, Adresse, Telefonnummer(n), Email-Adresse, IP-Adresse und ggf. weitere zur Zahlungsabwicklung erforderliche Daten. Die \u00dcbermittlung dieser Daten ist notwendig, um Ihre Identit\u00e4t zweifelsfrei zu festzustellen und Betrugsversuchen vorzubeugen.<\/p>\n<p>Die \u00dcbermittlung Ihrer Daten an die Sofort GmbH erfolgt auf Grundlage von Art. 6 Abs. 1 lit. a DSGVO (Einwilligung) und Art. 6 Abs. 1 lit. b DSGVO (Verarbeitung zur Erf\u00fcllung eines Vertrags). Sie haben die M\u00f6glichkeit, Ihre Einwilligung zur Datenverarbeitung jederzeit zu widerrufen. Ein Widerruf wirkt sich auf die Wirksamkeit von in der Vergangenheit liegenden Datenverarbeitungsvorg\u00e4ngen nicht aus.<\/p>\n<p>Details zur Zahlung mit Sofort\u00fcberweisung entnehmen Sie folgenden Links:&nbsp;<a href=\"https:\/\/www.sofort.de\/datenschutz.html\" rel=\"nofollow noopener\" target=\"_blank\">https:\/\/www.sofort.de\/datenschutz.html<\/a>&nbsp;und&nbsp;<a href=\"https:\/\/www.klarna.com\/sofort\/\" rel=\"nofollow noopener\" target=\"_blank\">https:\/\/www.klarna.com\/sofort\/<\/a>.<\/p>\n<h2>&nbsp;<\/h2>\n<h2>Ihre Rechte<\/h2>\n<p>Ihnen stehen grunds\u00e4tzlich die Rechte auf Auskunft, Berichtigung, L\u00f6schung, Einschr\u00e4nkung, Daten\u00fcbertragbarkeit, Widerruf und Widerspruch zu. Wenn Sie glauben, dass die Verarbeitung Ihrer Daten gegen das Datenschutzrecht verst\u00f6\u00dft oder Ihre datenschutzrechtlichen Anspr\u00fcche sonst in einer Weise verletzt worden sind, k\u00f6nnen Sie sich bei der Aufsichtsbeh\u00f6rde beschweren. In \u00d6sterreich ist dies die Datenschutzbeh\u00f6rde. M\u00f6chten Sie von Ihrem Widerrufs- oder Widerspruchsrecht Gebrauch machen, gen\u00fcgt eine E-Mail an: <span style=\"font-style: inherit; font-weight: inherit; text-align: var(--text-align); background-color: var(--ast-global-color-5); color: var(--ast-global-color-3);\">office [at] attersee-boot[dot] at<\/span><\/p>\n<p>Der Verantwortliche im Sinne der EU-Datenschutz-Grundverordnung sowie sonstiger datenschutzrechtlicher Bestimmungen ist:<\/p>\n<p>DI Julian Frauscher, BSc<\/p>\n<p>Hauptstrasse 10<\/p>\n<p>4861 Kammer<\/p>\n<p><span style=\"font-style: inherit; font-weight: inherit; text-align: var(--text-align); background-color: var(--ast-global-color-5); color: var(--ast-global-color-3);\">E-Mail: office [at] attersee-boot[dot] at<\/span><\/p>\t\t\t\t\t\t\t\t<\/div>\n\t\t\t\t<\/div>\n\t\t\t\t\t<\/div>\n\t\t\t\t<\/div>\n\t\t\t\t<\/div>\n\t\t","protected":false},"excerpt":{"rendered":"<p>Allgemeines Der Schutz Ihrer pers\u00f6nlichen Daten ist uns ein besonderes Anliegen. Wir verarbeiten Ihre Daten daher ausschlie\u00dflich auf Grundlage der gesetzlichen Bestimmungen. In diesen Datenschutzinformationen informieren wir Sie \u00fcber die wichtigsten Aspekte der Datenverarbeitung im Rahmen unserer Website. Wenn Sie per Formular auf der Website oder per E-Mail Kontakt mit uns aufnehmen, werden Ihre angegebenen [&hellip;]<\/p>\n","protected":false},"author":1,"featured_media":0,"parent":0,"menu_order":0,"comment_status":"closed","ping_status":"closed","template":"","meta":{"site-sidebar-layout":"no-sidebar","site-content-layout":"page-builder","ast-site-content-layout":"full-width-container","site-content-style":"default","site-sidebar-style":"default","ast-global-header-display":"","ast-banner-title-visibility":"","ast-main-header-display":"","ast-hfb-above-header-display":"","ast-hfb-below-header-display":"","ast-hfb-mobile-header-display":"","site-post-title":"disabled","ast-breadcrumbs-content":"","ast-featured-img":"disabled","footer-sml-layout":"","ast-disable-related-posts":"","theme-transparent-header-meta":"","adv-header-id-meta":"","stick-header-meta":"","header-above-stick-meta":"","header-main-stick-meta":"","header-below-stick-meta":"","astra-migrate-meta-layouts":"default","ast-page-background-enabled":"default","ast-page-background-meta":{"desktop":{"background-color":"var(--ast-global-color-4)","background-image":"","background-repeat":"repeat","background-position":"center center","background-size":"auto","background-attachment":"scroll","background-type":"","background-media":"","overlay-type":"","overlay-color":"","overlay-opacity":"","overlay-gradient":""},"tablet":{"background-color":"","background-image":"","background-repeat":"repeat","background-position":"center center","background-size":"auto","background-attachment":"scroll","background-type":"","background-media":"","overlay-type":"","overlay-color":"","overlay-opacity":"","overlay-gradient":""},"mobile":{"background-color":"","background-image":"","background-repeat":"repeat","background-position":"center center","background-size":"auto","background-attachment":"scroll","background-type":"","background-media":"","overlay-type":"","overlay-color":"","overlay-opacity":"","overlay-gradient":""}},"ast-content-background-meta":{"desktop":{"background-color":"var(--ast-global-color-5)","background-image":"","background-repeat":"repeat","background-position":"center center","background-size":"auto","background-attachment":"scroll","background-type":"","background-media":"","overlay-type":"","overlay-color":"","overlay-opacity":"","overlay-gradient":""},"tablet":{"background-color":"var(--ast-global-color-5)","background-image":"","background-repeat":"repeat","background-position":"center center","background-size":"auto","background-attachment":"scroll","background-type":"","background-media":"","overlay-type":"","overlay-color":"","overlay-opacity":"","overlay-gradient":""},"mobile":{"background-color":"var(--ast-global-color-5)","background-image":"","background-repeat":"repeat","background-position":"center center","background-size":"auto","background-attachment":"scroll","background-type":"","background-media":"","overlay-type":"","overlay-color":"","overlay-opacity":"","overlay-gradient":""}},"footnotes":""},"class_list":["post-1343","page","type-page","status-publish","hentry"],"_links":{"self":[{"href":"https:\/\/attersee-boot.at\/en\/wp-json\/wp\/v2\/pages\/1343","targetHints":{"allow":["GET"]}}],"collection":[{"href":"https:\/\/attersee-boot.at\/en\/wp-json\/wp\/v2\/pages"}],"about":[{"href":"https:\/\/attersee-boot.at\/en\/wp-json\/wp\/v2\/types\/page"}],"author":[{"embeddable":true,"href":"https:\/\/attersee-boot.at\/en\/wp-json\/wp\/v2\/users\/1"}],"replies":[{"embeddable":true,"href":"https:\/\/attersee-boot.at\/en\/wp-json\/wp\/v2\/comments?post=1343"}],"version-history":[{"count":10,"href":"https:\/\/attersee-boot.at\/en\/wp-json\/wp\/v2\/pages\/1343\/revisions"}],"predecessor-version":[{"id":1769,"href":"https:\/\/attersee-boot.at\/en\/wp-json\/wp\/v2\/pages\/1343\/revisions\/1769"}],"wp:attachment":[{"href":"https:\/\/attersee-boot.at\/en\/wp-json\/wp\/v2\/media?parent=1343"}],"curies":[{"name":"wp","href":"https:\/\/api.w.org\/{rel}","templated":true}]}}