{"id":1342,"date":"2023-09-23T14:18:40","date_gmt":"2023-09-23T12:18:40","guid":{"rendered":"http:\/\/attersee-boot.at\/?page_id=1342"},"modified":"2023-10-21T23:04:09","modified_gmt":"2023-10-21T21:04:09","slug":"impressum","status":"publish","type":"page","link":"https:\/\/attersee-boot.at\/en\/impressum\/","title":{"rendered":"Imprint"},"content":{"rendered":"\t\t<div data-elementor-type=\"wp-page\" data-elementor-id=\"1342\" class=\"elementor elementor-1342\">\n\t\t\t\t<div class=\"elementor-element elementor-element-34ad170 e-flex e-con-boxed e-con e-parent\" data-id=\"34ad170\" data-element_type=\"container\" data-e-type=\"container\">\n\t\t\t\t\t<div class=\"e-con-inner\">\n\t\t\t\t<div class=\"elementor-element elementor-element-942edb1 elementor-widget elementor-widget-text-editor\" data-id=\"942edb1\" data-element_type=\"widget\" data-e-type=\"widget\" data-widget_type=\"text-editor.default\">\n\t\t\t\t<div class=\"elementor-widget-container\">\n\t\t\t\t\t\t\t\t\t<p>Ansprechperson<\/p><p>DI Julian Frauscher, BSc<\/p><p>Hauptstrasse 10<\/p><p>4861 Kammer<\/p><p>E-Mail: <span style=\"font-style: inherit; font-weight: inherit; text-align: var(--text-align); background-color: var(--ast-global-color-5); color: var(--ast-global-color-3);\">office [at] attersee-boot[dot] at<\/span><\/p><p>\u00a0<\/p><h5><b>Copyright<\/b><\/h5><p>S\u00e4mtliche\u00a0Texte aller Kategorien (wenn nicht anders angegeben) und die Bilder mit dem pers\u00f6nlichen Logo sind urheberrechtlich gesch\u00fctzt, eine Verwendung ist ohne ausdr\u00fcckliche Genehmigung nicht zul\u00e4ssig. Die auf dieser Homepage benutzen Fotos und Grafiken stammen (wenn nicht anders und explizit auf der jeweiligen Seite angegeben) aus folgenden Quellen:<\/p><p>Eigenes Fotomaterial<br \/>Stock-Photo-Portale (ohne Notwendigkeit eines Copyright-Verweises)<br \/>Die Fotos dieser Homepage d\u00fcrfen nicht \u00fcbernommen, weitergegeben oder in welcher Form auch immer in anderen Medien ver\u00f6ffentlicht werden. Die Fotorechte wurden sorgf\u00e4ltig gepr\u00fcft. Sollte jedoch ein Fehler diesbez\u00fcglich unterlaufen sein, bitte ich um Kontaktaufnahme.<\/p><p>\u00a0<\/p><h5><b>Links<\/b><\/h5><p>Links auf diese Website sind erw\u00fcnscht. Eigene Links auf fremde Seiten stellen nur Wegweiser zu diesen Seiten dar. Sie werden deshalb regelm\u00e4\u00dfig mittels externem Link in einem eigenen Browserfenster dargestellt. Ich identifiziere mich nicht mit dem Inhalt der Seiten, auf die verwiesen wird und \u00fcbernehme daf\u00fcr keine Haftung. Sollte eine der Seiten, auf die verwiesen wird, bedenkliche Inhalte aufweisen, wird um eine kurze E-Mail ersucht; in so einem Fall wird der Link sofort gel\u00f6scht.<\/p><p>\u00a0<\/p><h5><b>EU-Streitschlichtung<\/b><\/h5><p>Gem\u00e4\u00df Verordnung \u00fcber Online-Streitbeilegung in Verbraucherangelegenheiten m\u00f6chten wir Sie \u00fcber die Online-Streitbeilegungsplattform (nach Art. 14 Abs. 1 ODR-Verordnung) informieren.<\/p><p>Verbraucher haben die M\u00f6glichkeit, Beschwerden an die Online Streitbeilegungsplattform der Europ\u00e4ischen Kommission unter http:\/\/ec.europa.eu\/odr?tid=121720897 zu richten. Die daf\u00fcr notwendigen Kontaktdaten finden Sie oberhalb in unserem Impressum.<\/p><p>Wir m\u00f6chten Sie jedoch darauf hinweisen, dass wir nicht bereit oder verpflichtet sind, an Streitbeilegungsverfahren vor einer Verbraucherschlichtungsstelle teilzunehmen.<\/p>\t\t\t\t\t\t\t\t<\/div>\n\t\t\t\t<\/div>\n\t\t\t\t\t<\/div>\n\t\t\t\t<\/div>\n\t\t\t\t<\/div>\n\t\t","protected":false},"excerpt":{"rendered":"<p>Ansprechperson DI Julian Frauscher, BSc Hauptstrasse 10 4861 Kammer E-Mail: office [at] attersee-boot[dot] at \u00a0 Copyright S\u00e4mtliche\u00a0Texte aller Kategorien (wenn nicht anders angegeben) und die Bilder mit dem pers\u00f6nlichen Logo sind urheberrechtlich gesch\u00fctzt, eine Verwendung ist ohne ausdr\u00fcckliche Genehmigung nicht zul\u00e4ssig. Die auf dieser Homepage benutzen Fotos und Grafiken stammen (wenn nicht anders und explizit [&hellip;]<\/p>\n","protected":false},"author":1,"featured_media":0,"parent":0,"menu_order":0,"comment_status":"closed","ping_status":"closed","template":"","meta":{"site-sidebar-layout":"no-sidebar","site-content-layout":"page-builder","ast-site-content-layout":"full-width-container","site-content-style":"default","site-sidebar-style":"default","ast-global-header-display":"","ast-banner-title-visibility":"","ast-main-header-display":"","ast-hfb-above-header-display":"","ast-hfb-below-header-display":"","ast-hfb-mobile-header-display":"","site-post-title":"disabled","ast-breadcrumbs-content":"","ast-featured-img":"disabled","footer-sml-layout":"","ast-disable-related-posts":"","theme-transparent-header-meta":"","adv-header-id-meta":"","stick-header-meta":"","header-above-stick-meta":"","header-main-stick-meta":"","header-below-stick-meta":"","astra-migrate-meta-layouts":"default","ast-page-background-enabled":"default","ast-page-background-meta":{"desktop":{"background-color":"var(--ast-global-color-4)","background-image":"","background-repeat":"repeat","background-position":"center center","background-size":"auto","background-attachment":"scroll","background-type":"","background-media":"","overlay-type":"","overlay-color":"","overlay-opacity":"","overlay-gradient":""},"tablet":{"background-color":"","background-image":"","background-repeat":"repeat","background-position":"center center","background-size":"auto","background-attachment":"scroll","background-type":"","background-media":"","overlay-type":"","overlay-color":"","overlay-opacity":"","overlay-gradient":""},"mobile":{"background-color":"","background-image":"","background-repeat":"repeat","background-position":"center center","background-size":"auto","background-attachment":"scroll","background-type":"","background-media":"","overlay-type":"","overlay-color":"","overlay-opacity":"","overlay-gradient":""}},"ast-content-background-meta":{"desktop":{"background-color":"var(--ast-global-color-5)","background-image":"","background-repeat":"repeat","background-position":"center center","background-size":"auto","background-attachment":"scroll","background-type":"","background-media":"","overlay-type":"","overlay-color":"","overlay-opacity":"","overlay-gradient":""},"tablet":{"background-color":"var(--ast-global-color-5)","background-image":"","background-repeat":"repeat","background-position":"center center","background-size":"auto","background-attachment":"scroll","background-type":"","background-media":"","overlay-type":"","overlay-color":"","overlay-opacity":"","overlay-gradient":""},"mobile":{"background-color":"var(--ast-global-color-5)","background-image":"","background-repeat":"repeat","background-position":"center center","background-size":"auto","background-attachment":"scroll","background-type":"","background-media":"","overlay-type":"","overlay-color":"","overlay-opacity":"","overlay-gradient":""}},"footnotes":""},"class_list":["post-1342","page","type-page","status-publish","hentry"],"_links":{"self":[{"href":"https:\/\/attersee-boot.at\/en\/wp-json\/wp\/v2\/pages\/1342","targetHints":{"allow":["GET"]}}],"collection":[{"href":"https:\/\/attersee-boot.at\/en\/wp-json\/wp\/v2\/pages"}],"about":[{"href":"https:\/\/attersee-boot.at\/en\/wp-json\/wp\/v2\/types\/page"}],"author":[{"embeddable":true,"href":"https:\/\/attersee-boot.at\/en\/wp-json\/wp\/v2\/users\/1"}],"replies":[{"embeddable":true,"href":"https:\/\/attersee-boot.at\/en\/wp-json\/wp\/v2\/comments?post=1342"}],"version-history":[{"count":10,"href":"https:\/\/attersee-boot.at\/en\/wp-json\/wp\/v2\/pages\/1342\/revisions"}],"predecessor-version":[{"id":1763,"href":"https:\/\/attersee-boot.at\/en\/wp-json\/wp\/v2\/pages\/1342\/revisions\/1763"}],"wp:attachment":[{"href":"https:\/\/attersee-boot.at\/en\/wp-json\/wp\/v2\/media?parent=1342"}],"curies":[{"name":"wp","href":"https:\/\/api.w.org\/{rel}","templated":true}]}}